{"id":114,"date":"2019-09-03T14:20:21","date_gmt":"2019-09-03T12:20:21","guid":{"rendered":"https:\/\/bro-system.com\/?page_id=114"},"modified":"2023-12-18T13:50:50","modified_gmt":"2023-12-18T11:50:50","slug":"contacts","status":"publish","type":"page","link":"https:\/\/bro-system.com\/fr\/contacts\/","title":{"rendered":"Contacts"},"content":{"rendered":"<form class=\"js-contact-form\" action=\"\">\n<div class=\"form-group\">\n<input name=\"name\" placeholder=\"Nom\" type=\"text\" class=\"form-control\"><\/p>\n<div class=\"invalid-feedback\"><\/div>\n<\/div>\n<div class=\"form-group\">\n<input name=\"email\" placeholder=\"Courriel\" type=\"text\" class=\"form-control\"><\/p>\n<div class=\"invalid-feedback\"><\/div>\n<\/div>\n<div class=\"form-group\">\n<input name=\"phone\" placeholder=\"Num\u00e9ro de t\u00e9l\u00e9phone\" type=\"text\" class=\"form-control\"><\/p>\n<div class=\"invalid-feedback\"><\/div>\n<\/div>\n<div class=\"form-group\">\n<textarea name=\"message\" placeholder=\"Message\" class=\"form-control\"><\/textarea><\/p>\n<div class=\"invalid-feedback\"><\/div>\n<\/div>\n<div class=\"alert\" style=\"display: none\"><\/div>\n<p><button class=\"btn btn-primary\">Soumettre<\/button><br \/>\n<input type=\"hidden\" name=\"trp-form-language\" value=\"fr\"\/><\/form>","protected":false},"excerpt":{"rendered":"<p>Soumettre<\/p>","protected":false},"author":1,"featured_media":0,"parent":0,"menu_order":0,"comment_status":"closed","ping_status":"closed","template":"","meta":{"footnotes":""},"_links":{"self":[{"href":"https:\/\/bro-system.com\/fr\/wp-json\/wp\/v2\/pages\/114"}],"collection":[{"href":"https:\/\/bro-system.com\/fr\/wp-json\/wp\/v2\/pages"}],"about":[{"href":"https:\/\/bro-system.com\/fr\/wp-json\/wp\/v2\/types\/page"}],"author":[{"embeddable":true,"href":"https:\/\/bro-system.com\/fr\/wp-json\/wp\/v2\/users\/1"}],"replies":[{"embeddable":true,"href":"https:\/\/bro-system.com\/fr\/wp-json\/wp\/v2\/comments?post=114"}],"version-history":[{"count":56,"href":"https:\/\/bro-system.com\/fr\/wp-json\/wp\/v2\/pages\/114\/revisions"}],"predecessor-version":[{"id":306,"href":"https:\/\/bro-system.com\/fr\/wp-json\/wp\/v2\/pages\/114\/revisions\/306"}],"wp:attachment":[{"href":"https:\/\/bro-system.com\/fr\/wp-json\/wp\/v2\/media?parent=114"}],"curies":[{"name":"wp","href":"https:\/\/api.w.org\/{rel}","templated":true}]}}