{"id":37,"date":"2018-10-13T16:46:47","date_gmt":"2018-10-13T13:46:47","guid":{"rendered":"http:\/\/local.bro-system.com\/?page_id=37"},"modified":"2023-12-15T16:39:06","modified_gmt":"2023-12-15T14:39:06","slug":"seo","status":"publish","type":"page","link":"https:\/\/bro-system.com\/fr\/seo\/","title":{"rendered":"PROMOTION DE LA RECHERCHE GOOGLE ET Yandex"},"content":{"rendered":"<p>Aujourd'hui, la promotion d'un site web dans les moteurs de recherche est la cl\u00e9 de la rentabilit\u00e9 d'une organisation.<\/p>\n<p>Il est difficile de r\u00e9ussir dans n'importe quel domaine sans un site web de grande qualit\u00e9 et d'une grande beaut\u00e9. Quelle que soit votre activit\u00e9 - services, commerce, production - vous avez besoin d'une plate-forme au contenu unique. Pourquoi ?<\/p>\n<p>La premi\u00e8re consiste \u00e0 assurer une conversion r\u00e9ussie. Les revenus de votre entreprise d\u00e9pendent directement du nombre de visiteurs. Plus de clics sur votre site - plus de transactions, plus de profits. La t\u00e2che principale consiste \u00e0 rendre votre site de premier ordre, c'est-\u00e0-dire \u00e0 le faire progresser vers les premi\u00e8res positions dans les distributions de Google et de Yandex.<\/p>\n<p>Deuxi\u00e8mement, un contenu bien con\u00e7u (texte, photos, vid\u00e9os, banni\u00e8res) permet non seulement d'informer le consommateur potentiel de vos services sur un service particulier, mais aussi de cr\u00e9er l'image de l'entreprise. La promotion d'un site web est un investissement dans votre r\u00e9putation. Avez-vous d\u00e9j\u00e0 vu une entreprise de premier plan dont le site ne figure pas sur la premi\u00e8re page des r\u00e9sultats des moteurs de recherche ? Et ce n'est pas notre cas.<\/p>\n<p>PROMOTION DE LA RECHERCHE GOOGLE ET Yandex<br \/>\nPar souci d'\u00e9conomie, de nombreux entrepreneurs se chargent eux-m\u00eames de la promotion sur Google ou Yandex. En r\u00e8gle g\u00e9n\u00e9rale, cette approche ne fonctionne pas. Dans le domaine du r\u00e9f\u00e9rencement, il y a beaucoup de subtilit\u00e9s et de nuances, et la moindre erreur peut vous co\u00fbter tr\u00e8s cher.<\/p>\n<p>Pour une promotion de qualit\u00e9 dans Yandex ou Google, il est important de d\u00e9finir avec soin une niche sp\u00e9cifique du march\u00e9 et de d\u00e9terminer les m\u00e9thodes de promotion qui seront pertinentes pour vous.<\/p>\n<p>Par exemple, pour une boutique en ligne, il vaut la peine de se concentrer sur un contenu unique et de l'optimiser pour les moteurs de recherche, en prenant soin de la publicit\u00e9 contextuelle. En revanche, pour une cha\u00eene de restaurants, il est n\u00e9cessaire d'am\u00e9liorer la promotion sur les moteurs de recherche.<\/p>\n<p>Vous pouvez augmenter la position de la plate-forme par vous-m\u00eame, mais vous ne devez pas vous attendre \u00e0 des performances \u00e9lev\u00e9es. Une randonn\u00e9e professionnelle est importante dans ce domaine.<\/p>\n<p>OPTIMISATION DU R\u00c9F\u00c9RENCEMENT<br \/>\nUne optimisation efficace du r\u00e9f\u00e9rencement n\u00e9cessite :<\/p>\n<p>fournir une indexation optimale du site ;<br \/>\ns'occupe de la mise en page pour afficher le contenu depuis n'importe quel appareil ;<br \/>\nd'effectuer un certain nombre de travaux avec le noyau s\u00e9mantique ;<br \/>\n\u00e9laborer et mettre en \u0153uvre une strat\u00e9gie pour une conversion parfaite ;<br \/>\nconstruire une masse de r\u00e9f\u00e9rence ;<br \/>\neffectuer des analyses web.<br \/>\nChaque poste comprend des dizaines de t\u00e2ches que les sp\u00e9cialistes du r\u00e9f\u00e9rencement peuvent accomplir efficacement.<\/p>\n<p>POURQUOI LE SYST\u00c8ME BRO<br \/>\nLe travail de promotion d'une ressource est un processus d'envergure et d\u00e9licat, car il implique l'utilisation d'une masse de leviers. Il s'agit d'un syst\u00e8me qui ne donnera pas d'indicateurs efficaces s'il n'y a pas au moins un maillon.<\/p>\n<p>Bro System est une solide cha\u00eene de sp\u00e9cialistes, dont chacun s'acquitte de sa t\u00e2che et donne le meilleur de lui-m\u00eame.<\/p>\n<p>Nous :<\/p>\n<p>ambitieux (nous travaillons en Ukraine et dans le monde entier, nous ne nous fixons pas de limites, nous nous d\u00e9veloppons constamment, nous utilisons des m\u00e9thodes nouvelles et \u00e9prouv\u00e9es dans notre travail) ;<br \/>\nclair (nous sommes pour un cahier des charges d\u00e9taill\u00e9, nous discutons des d\u00e9tails avec le client et nous ex\u00e9cutons les t\u00e2ches les plus insignifiantes en apparence - c'est une garantie de succ\u00e8s) ;<br \/>\nnous aimons notre travail (c'est pourquoi les r\u00e9sultats sont toujours \u00e0 la hauteur) ;<br \/>\nnous vous entendons (aujourd'hui, de nombreux studios web imposent des centaines de termes \u00e0 un client et lui promettent monts et merveilles, nous expliquons tout de mani\u00e8re accessible, nous entendons vos souhaits et nous y r\u00e9pondons de mani\u00e8re comp\u00e9tente) ;<br \/>\nles r\u00e9alistes (le r\u00e9f\u00e9rencement est une question d\u00e9licate, il n'est pas toujours possible de pr\u00e9dire le r\u00e9sultat, mais nous nous fixons un objectif et nous l'atteignons, en sp\u00e9cifiant au pr\u00e9alable les termes, les cadres, les prix, les volumes. Il n'y aura pas de surprises).<br \/>\nCE QUE VOUS OFFRE LE SYST\u00c8ME BRO<br \/>\nNos employ\u00e9s fournissent un certain nombre de services, vous pouvez commander un seul d'entre eux, plusieurs ou une gamme compl\u00e8te :<\/p>\n<p>Promotion SEO \u00e0 budget ouvert<br \/>\nDans le syst\u00e8me Bro, le r\u00e9f\u00e9rencement avec budget ouvert implique la capacit\u00e9 du client \u00e0 contr\u00f4ler chaque \u00e9tape de la contribution de ses investissements. Nous menons des activit\u00e9s ouvertes, vous verrez quelles ressources sont utilis\u00e9es \u00e0 chaque \u00e9tape du travail.<\/p>\n<p>Promotion du trafic SEO<br \/>\nLa m\u00e9thode de promotion par le biais de la promotion SEO sur le trafic vous permet d'investir uniquement dans les visiteurs r\u00e9els de la ressource, c'est-\u00e0-dire qu'il s'agit d'une option \u00e9conomique pour la publicit\u00e9 contextuelle - vous payez pour la transition vers le site par le biais des moteurs de recherche.<\/p>\n<p>Audit de site SEO pour la promotion<br \/>\nPour assurer la conversion, il est important d'effectuer un audit SEO comp\u00e9tent du site \u00e0 promouvoir. Nous \u00e9tudierons l'indexation de votre portail, les concurrents, le public cible afin d'\u00e9laborer une strat\u00e9gie de d\u00e9veloppement claire pour votre ressource. C'est la meilleure option pour \u00e9vincer les concurrents et augmenter le flux de clients.<\/p>\n<p>Le r\u00e9f\u00e9rencement au stade de la cr\u00e9ation du site web<br \/>\nUn r\u00e9f\u00e9rencement clair au stade de la cr\u00e9ation du site vous permettra d'\u00e9conomiser votre budget d\u00e8s les premi\u00e8res \u00e9tapes, car la plateforme sera cr\u00e9\u00e9e \"pour vous\", sans qu'il soit n\u00e9cessaire d'apporter des ajustements au mat\u00e9riel fini. Pour cr\u00e9er une plateforme en ligne efficace, il est important de d\u00e9finir clairement les t\u00e2ches des ex\u00e9cutants. Nous pr\u00e9parerons des TK pour chaque spectre de d\u00e9veloppement de votre site.<\/p>\n<p>Extension de la structure du site<br \/>\nEn soi, l'expansion de la structure du site implique la cr\u00e9ation de nouvelles pages et de nouvelles fonctionnalit\u00e9s. Nos experts savent comment le faire avec un maximum d'avantages pour la conversion.<\/p>\n<p>Optimisation compl\u00e8te du site web<br \/>\nL'audit, la formation d'une structure de portail optimale, l'augmentation de la fr\u00e9quentation sont des t\u00e2ches qui sont r\u00e9alis\u00e9es avec l'optimisation compl\u00e8te du site. Pour un projet de toute envergure, il s'agit d'une solution rentable, car les services sont fournis cl\u00e9s en main et le client re\u00e7oit un produit fini - un site de premier ordre, un nom reconnaissable, un flux important de clients.<\/p>\n<p>Sanctions des moteurs de recherche<br \/>\nAfin d'atteindre les premi\u00e8res positions d'\u00e9mission, il est important de lever les sanctions des moteurs de recherche, de corriger les erreurs et d'optimiser le portail. Il existe un certain nombre de raisons pour lesquelles les moteurs de recherche r\u00e9duisent le trafic vers un site particulier. Nous savons comment les identifier et les \u00e9liminer.<\/p>\n<p>SERM - gestion de la r\u00e9putation<br \/>\nL'outil SERM est la gestion de la r\u00e9putation de votre entreprise, c'est-\u00e0-dire un travail comp\u00e9tent sur l'image de marque en dehors de son site web. Plus de 80% des avis en ligne sont per\u00e7us comme objectifs par les consommateurs potentiels. S'il y a des commentaires n\u00e9gatifs sur votre travail sur Internet, pr\u00e9parez-vous \u00e0 une baisse ou \u00e0 un manque de profit. Nous \u00e9liminerons ce probl\u00e8me, ce qui permettra au site d'occuper des positions \u00e9lev\u00e9es dans les SERP.<\/p>\n<p>Bro System est une approche professionnelle et ouverte des affaires.<\/p>","protected":false},"excerpt":{"rendered":"<p>Aujourd'hui, la promotion d'un site web dans les moteurs de recherche est la cl\u00e9 de la rentabilit\u00e9 d'une organisation. Il est difficile de r\u00e9ussir dans n'importe quel domaine sans un site web de grande qualit\u00e9 et d'une grande beaut\u00e9. Quelle que soit votre activit\u00e9 - services, commerce, production - vous avez besoin d'une plateforme au contenu unique. Pourquoi ? Tout d'abord pour assurer une conversion r\u00e9ussie. Les revenus de votre entreprise d\u00e9pendent directement [...]<\/p>","protected":false},"author":1,"featured_media":0,"parent":0,"menu_order":0,"comment_status":"closed","ping_status":"closed","template":"","meta":{"footnotes":""},"_links":{"self":[{"href":"https:\/\/bro-system.com\/fr\/wp-json\/wp\/v2\/pages\/37"}],"collection":[{"href":"https:\/\/bro-system.com\/fr\/wp-json\/wp\/v2\/pages"}],"about":[{"href":"https:\/\/bro-system.com\/fr\/wp-json\/wp\/v2\/types\/page"}],"author":[{"embeddable":true,"href":"https:\/\/bro-system.com\/fr\/wp-json\/wp\/v2\/users\/1"}],"replies":[{"embeddable":true,"href":"https:\/\/bro-system.com\/fr\/wp-json\/wp\/v2\/comments?post=37"}],"version-history":[{"count":8,"href":"https:\/\/bro-system.com\/fr\/wp-json\/wp\/v2\/pages\/37\/revisions"}],"predecessor-version":[{"id":182,"href":"https:\/\/bro-system.com\/fr\/wp-json\/wp\/v2\/pages\/37\/revisions\/182"}],"wp:attachment":[{"href":"https:\/\/bro-system.com\/fr\/wp-json\/wp\/v2\/media?parent=37"}],"curies":[{"name":"wp","href":"https:\/\/api.w.org\/{rel}","templated":true}]}}