{"id":40,"date":"2018-10-13T16:53:29","date_gmt":"2018-10-13T13:53:29","guid":{"rendered":"http:\/\/local.bro-system.com\/?page_id=40"},"modified":"2023-12-15T16:43:47","modified_gmt":"2023-12-15T14:43:47","slug":"smm","status":"publish","type":"page","link":"https:\/\/bro-system.com\/fr\/smm\/","title":{"rendered":"PROMOTION FACEBOOK, INSTAGRAM, TWITTER"},"content":{"rendered":"<p>Des millions de personnes utilisent quotidiennement les r\u00e9seaux sociaux. Pourquoi ne pas en profiter pour d\u00e9velopper votre entreprise ? Facebook, Instagram, Twitter - ce n'est pas seulement un moyen de communication et de communication avec le monde, c'est un outil publicitaire puissant qui, avec une approche comp\u00e9tente, est capable d'amener votre entreprise \u00e0 un nouveau niveau.<\/p>\n<p>La promotion sur les r\u00e9seaux sociaux est la m\u00e9thode de communication la plus populaire et la plus efficace avec les clients r\u00e9els et potentiels. C'est un moyen de faire conna\u00eetre sa marque, de cr\u00e9er une image de marque et d'attirer de nouveaux consommateurs.<\/p>\n<p>En fonction de l'orientation de l'activit\u00e9 et des t\u00e2ches, les sp\u00e9cialistes d\u00e9terminent les m\u00e9thodes les plus appropri\u00e9es pour la promotion du smm.<\/p>\n<p>PROMOTION SUR FACEBOOK, INSTAGRAM, TWITTER - COMMENT \u00c7A MARCHE ?<br \/>\nDans le domaine du SMM, un certain nombre de r\u00e8gles s'appliquent, qui permettent d'augmenter consid\u00e9rablement le flux de clients et de rendre la marque reconnaissable.<\/p>\n<p>R\u00e9sultat de l'\u00e9tape<br \/>\n\u00c9laboration d'une strat\u00e9gie tenant compte des sp\u00e9cificit\u00e9s des activit\u00e9s et de l'AC. En connaissant le mode de pens\u00e9e du client, il est plus facile de lui faire une proposition int\u00e9ressante.<br \/>\nCr\u00e9ation et accompagnement de pages corporate (s\u00e9lection de contenus uniques) Augmentation du trafic des pages, conversion \u00e0 partir d'un site ou des r\u00e9seaux sociaux.<br \/>\nPlacement de publicit\u00e9s cibl\u00e9es sur Instagram, Twitter et Facebook. Publicit\u00e9 uniquement pour les consommateurs potentiels, sans d\u00e9penser de l'argent pour montrer \u00e0 des personnes non int\u00e9ress\u00e9es.<br \/>\nAnalyse des commentaires sur l'entreprise, travail avec eux Formation d'une image de marque positive<br \/>\nLe suivi des statistiques de visites \/ lectures \/ commandes Le retour d'information vous permettra de d\u00e9terminer plus pr\u00e9cis\u00e9ment les forces et les faiblesses de la promotion, d'en tenir compte \u00e0 l'avenir<br \/>\nCommunication avec le client. Cr\u00e9er une relation chaleureuse avec le consommateur, en augmentant la confiance dans la marque.<br \/>\nDes rapports \u00e0 chaque \u00e9tape du travail. Des r\u00e9sultats clairs qui contribuent \u00e0 la croissance des ventes.<br \/>\nPROMOTION DU SMM AVEC LE SYST\u00c8ME BRO<br \/>\nEn impliquant le consommateur dans un dialogue \u00e0 travers les r\u00e9seaux sociaux, vous passez \u00e0 un nouveau niveau de d\u00e9veloppement de votre entreprise. L'essentiel est d'ex\u00e9cuter chaque \u00e9tape avec discernement. L'exp\u00e9rience des sp\u00e9cialistes joue un r\u00f4le cl\u00e9 dans ce domaine, car sans comp\u00e9tences et connaissances, le SMM ne donnera pas les r\u00e9sultats escompt\u00e9s.<\/p>\n<p>Le syst\u00e8me Bro est :<\/p>\n<p>Un partenaire fiable avec une assistance 24 heures sur 24 et 7 jours sur 7. Pendant que vos concurrents se reposent, nous travaillons en cons\u00e9quence - le consommateur re\u00e7oit un contenu frais et pertinent pendant les heures creuses, la marque devient reconnaissable.<br \/>\nTravaillez r\u00e9guli\u00e8rement sur vous-m\u00eame. La sph\u00e8re du marketing des m\u00e9dias sociaux ne s'arr\u00eate pas un jour, c'est pourquoi nous sommes toujours au courant, nous ne proposons que des m\u00e9thodes pertinentes qui fonctionnent vraiment.<br \/>\nPublicit\u00e9 cibl\u00e9e de qualit\u00e9 et contenu unique. L'\u00e9quipe est compos\u00e9e de sp\u00e9cialistes SMM, d'analystes, de r\u00e9dacteurs et de concepteurs. Un produit de vente est cr\u00e9\u00e9 pour vous, en tenant compte du public cible, des t\u00e2ches et des d\u00e9lais.<br \/>\nDes rapports r\u00e9guliers. L'analyse du travail effectu\u00e9 vous permet d'agir sur un plan individuel. Nous d\u00e9terminons les points forts et les utilisons.<br \/>\nPromotion de pages Instagram, de publications sur Facebook, ou de nouvelles brillantes sur Twitter - une seule chose ou toutes \u00e0 la fois - nous la d\u00e9finirons ensemble, la mettrons en \u0153uvre efficacement, et vous obtiendrez un d\u00e9veloppement de votre activit\u00e9, une am\u00e9lioration de vos ventes et une augmentation de vos b\u00e9n\u00e9fices.<\/p>","protected":false},"excerpt":{"rendered":"<p>Des millions de personnes utilisent quotidiennement les r\u00e9seaux sociaux. Pourquoi ne pas en profiter pour d\u00e9velopper votre entreprise ? Facebook, Instagram, Twitter - ce n'est pas seulement un moyen de communication et de communication avec le monde, c'est un outil publicitaire puissant qui, avec une approche comp\u00e9tente, est capable d'amener votre entreprise \u00e0 un nouveau niveau. La promotion en [...]<\/p>","protected":false},"author":1,"featured_media":0,"parent":0,"menu_order":0,"comment_status":"closed","ping_status":"closed","template":"","meta":{"footnotes":""},"_links":{"self":[{"href":"https:\/\/bro-system.com\/fr\/wp-json\/wp\/v2\/pages\/40"}],"collection":[{"href":"https:\/\/bro-system.com\/fr\/wp-json\/wp\/v2\/pages"}],"about":[{"href":"https:\/\/bro-system.com\/fr\/wp-json\/wp\/v2\/types\/page"}],"author":[{"embeddable":true,"href":"https:\/\/bro-system.com\/fr\/wp-json\/wp\/v2\/users\/1"}],"replies":[{"embeddable":true,"href":"https:\/\/bro-system.com\/fr\/wp-json\/wp\/v2\/comments?post=40"}],"version-history":[{"count":7,"href":"https:\/\/bro-system.com\/fr\/wp-json\/wp\/v2\/pages\/40\/revisions"}],"predecessor-version":[{"id":179,"href":"https:\/\/bro-system.com\/fr\/wp-json\/wp\/v2\/pages\/40\/revisions\/179"}],"wp:attachment":[{"href":"https:\/\/bro-system.com\/fr\/wp-json\/wp\/v2\/media?parent=40"}],"curies":[{"name":"wp","href":"https:\/\/api.w.org\/{rel}","templated":true}]}}