{"id":44,"date":"2018-10-13T16:58:15","date_gmt":"2018-10-13T13:58:15","guid":{"rendered":"http:\/\/local.bro-system.com\/?page_id=44"},"modified":"2023-12-15T16:50:38","modified_gmt":"2023-12-15T14:50:38","slug":"ppc","status":"publish","type":"page","link":"https:\/\/bro-system.com\/fr\/ppc\/","title":{"rendered":"Publicit\u00e9 dans Yandex et Google"},"content":{"rendered":"<p>Les sommes colossales consacr\u00e9es \u00e0 la publicit\u00e9 surprennent parfois m\u00eame les hommes d'affaires les plus exp\u00e9riment\u00e9s. Comment \u00e9conomiser le budget et obtenir plus de b\u00e9n\u00e9fices ? Pour cela, lancez la publicit\u00e9 contextuelle dans Yandex et Google.<\/p>\n<p>Ses principales fonctions et caract\u00e9ristiques :<\/p>\n<p>Amener le site en premi\u00e8re position de la question<br \/>\nNe diffusez des annonces qu'aupr\u00e8s d'un public int\u00e9ress\u00e9.<br \/>\nConclure un accord avec un client potentiel.<br \/>\nLe probl\u00e8me de la plupart des entreprises est que le client est incertain et douteux.<\/p>\n<p>Vous \u00eates all\u00e9 sur le site, vous avez peut-\u00eatre m\u00eame ajout\u00e9 des produits au panier, mais vous avez quitt\u00e9 la ressource sans effectuer d'achat ? Vous \u00eates int\u00e9ress\u00e9 par l'offre d'un salon, d'un restaurant ou d'un club de sport, mais vous n'\u00eates pas s\u00fbr de trouver une solution et vous fermez l'onglet.<\/p>\n<p>Des millions d'internautes parcourent des dizaines de pages d'informations qui les int\u00e9ressent au quotidien. Mais quel pourcentage d'entre eux effectue imm\u00e9diatement un achat ou une commande ?<\/p>\n<p>La plupart d'entre nous ont tendance \u00e0 h\u00e9siter lorsqu'il s'agit de prendre des d\u00e9cisions. \"Et si je trouvais mieux ?\", \"J'ai besoin de r\u00e9fl\u00e9chir\", \"Je reviendrai plus tard sur cette question\" - et cinquante autres nuances de doute. La position du prestataire de services dans cette situation est plus que gagnant-gagnant.<\/p>\n<p>Il faut rapidement corriger cette situation qui est bien r\u00e9elle.<\/p>\n<p>Quel outil publicitaire r\u00e9sout le probl\u00e8me ?<\/p>\n<p>Pour ce faire, vous devez configurer correctement la publicit\u00e9 ppc dans Google AdWords et Yandex.Direct. De quoi s'agit-il ?<\/p>\n<p>Le paiement par clic est un type de paiement pour la publicit\u00e9, qui implique des d\u00e9penses uniquement pour la transition parfaite de l'utilisateur vers le site. Et surtout, une publicit\u00e9 n'est vue que par un consommateur \"chaud\", d\u00e9j\u00e0 pr\u00eat \u00e0 acheter.<\/p>\n<p>La publicit\u00e9 contextuelle consiste \u00e0 identifier un public cible \u00e9troit et \u00e0 ne proposer des offres qu'aux personnes int\u00e9ress\u00e9es.<\/p>\n<p>COMMENT FONCTIONNE LA PUBLICIT\u00c9 CONTEXTUELLE ?<br \/>\nCe qui se passe R\u00e9sultat<br \/>\nPlacer une publicit\u00e9 dans les premi\u00e8res lignes de livraison Plus de 50% des utilisateurs suivent le 1er lien, et avec la publicit\u00e9 contextuelle sur Google ou Yandex, votre site est affich\u00e9 dans les premi\u00e8res lignes de livraison, c'est-\u00e0-dire toujours dans le champ de vision du consommateur.<br \/>\nL'apparition de la publicit\u00e9 pour les consommateurs int\u00e9ress\u00e9s La capacit\u00e9 \u00e0 r\u00e9fl\u00e9chir de mani\u00e8re ind\u00e9pendante au texte de l'annonce et \u00e0 la placer pour les clients \"chauds\" - qui ont d\u00e9j\u00e0 visit\u00e9 la ressource, sont int\u00e9ress\u00e9s par le sujet ou ach\u00e8tent un service connexe (ont achet\u00e9 une poussette - offrent des couches).<br \/>\nPersonnalisation du public cible avec possibilit\u00e9 de modification La publicit\u00e9 contextuelle Yandex Direct et Google AdWords vous permet de d\u00e9finir l'\u00e2ge, le sexe, le statut et les centres d'int\u00e9r\u00eat des personnes auxquelles l'annonce sera diffus\u00e9e.<br \/>\nRemarketing Une fonction pratique qui vous permet de convaincre les acheteurs sceptiques, un appel direct au consommateur, une d\u00e9monstration visuelle des informations consult\u00e9es, un rappel de l'offre. C'est le meilleur moyen de fermer la porte.<br \/>\nStatistiques de diffusion et transitions. La fixation des r\u00e9sultats de diffusion et d'analyse permet de d\u00e9terminer les points forts de la campagne publicitaire et d'une audience restreinte, d'augmenter la conversion du site.<br \/>\nNous avons examin\u00e9 les sites de mat\u00e9riaux de construction - offrir un service de camionnage<\/p>\n<p>PUBLICIT\u00c9 CONTEXTUELLE GOOGLE ADWORDS DANS LE SYST\u00c8ME BRO<br \/>\nNous aimons et connaissons notre m\u00e9tier, nous nous tenons toujours au courant des derni\u00e8res technologies. C'est pourquoi nous combinons l'exp\u00e9rience, l'innovation et le talent de sp\u00e9cialistes dans notre travail.<\/p>\n<p>Le syst\u00e8me Bro est :<\/p>\n<p>Pr\u00e9sentation claire et comp\u00e9tente de la publicit\u00e9 contextuelle et du marketing ppc professionnel.<br \/>\nGestion des campagnes, analyses r\u00e9guli\u00e8res pour am\u00e9liorer les performances.<br \/>\nVous obtenez :<\/p>\n<p>Augmenter la conversion du site web, le flux de clients.<br \/>\nReconnaissance de la marque, confiance des consommateurs.<br \/>\nCroissance des b\u00e9n\u00e9fices, d\u00e9veloppement des activit\u00e9s.<br \/>\nLa publicit\u00e9 PPC Yandex Direct et Google AdWords apportera plus d'affaires \u00e0 votre entreprise et augmentera votre chiffre d'affaires. Il s'agit d'un investissement judicieux dans votre entreprise, car les r\u00e9sultats sont imm\u00e9diatement visibles. Le site est en t\u00eate de liste, la publicit\u00e9 est clairement segment\u00e9e en fonction du public cible, les appels et les ventes augmentent.<\/p>\n<p>Exemples de fonctionnement de la publicit\u00e9 contextuelle<\/p>\n<p>Situation 1. Boutique en ligne \"Switch\" - vente d'\u00e9quipements.<\/p>\n<p>Probl\u00e8me : l'utilisateur a navigu\u00e9 sur le site, a ouvert plusieurs fiches produits et a quitt\u00e9 le site.<\/p>\n<p>Que font Google AdWords ou Yandex Direct ?<\/p>\n<p>Les publicit\u00e9s \"rattrapent\" l'utilisateur sur d'autres sites, y compris les r\u00e9seaux sociaux. Les biens qu'il a consult\u00e9s lui sont pr\u00e9sent\u00e9s.<\/p>\n<p>Une simple psychologie fonctionne. Apr\u00e8s avoir revu un produit qui n'a jamais \u00e9t\u00e9 achet\u00e9, la plupart des gens retournent sur le site web du vendeur.<\/p>\n<p>R\u00e9sultat : La transaction est termin\u00e9e.<\/p>\n<p>Situation 2. Le site du salon de beaut\u00e9.<\/p>\n<p>Probl\u00e8me : pas de clients.<\/p>\n<p>Que font Google AdWords ou Yandex Direct ?<\/p>\n<p>Les param\u00e8tres de l'outil publicitaire indiquent les param\u00e8tres de l'acheteur potentiel. Dans le cas pr\u00e9sent, il s'agit des femmes, de l'\u00e2ge de 18 \u00e0 50 ans, du lieu de r\u00e9sidence, etc.<\/p>\n<p>Une autre option consiste \u00e0 attirer des clients d'autres sites. Les filles qui ont fait une recherche sur le r\u00e9seau de correction du vernis en gel et qui se trouvaient sur d'autres sites ( !) voient appara\u00eetre une publicit\u00e9 pour un salon particulier avec une offre qui les int\u00e9resse.<\/p>\n<p>R\u00e9sultat : Nouveau client.<\/p>\n<p>Situation 3. Une plateforme d'information sur la prestation de services \"Mari pour une heure\".<\/p>\n<p>Probl\u00e8me : les concurrents.<\/p>\n<p>Que font Google AdWords ou Yandex Direct ?<\/p>\n<p>Lorsque vous entrez une requ\u00eate dans la barre de recherche, le site est affich\u00e9 dans les premi\u00e8res positions au-dessus de la recherche principale, c'est-\u00e0-dire dans une zone de visibilit\u00e9 de 100%. En r\u00e8gle g\u00e9n\u00e9rale, les utilisateurs font confiance aux premiers sites \u00e0 \u00e9mettre, car leur r\u00e9putation est consid\u00e9r\u00e9e comme la meilleure, puisqu'ils sont en t\u00eate \ud83d\ude42 .<\/p>\n<p>R\u00e9sultat : Nouvelle commande.<\/p>\n<p>Et m\u00eame si la premi\u00e8re fois, la publicit\u00e9 contextuelle n'a pas fonctionn\u00e9, il s'agit d'un grand pas en avant pour le d\u00e9veloppement futur. Pourquoi ?<\/p>\n<p>Les gens se renseigneront sur vous.<br \/>\nUn cercle plus \u00e9troit de parties int\u00e9ress\u00e9es est d\u00e9termin\u00e9, ce qui permet d'\u00e9conomiser sur la publicit\u00e9.<br \/>\nVous pouvez utiliser les donn\u00e9es des utilisateurs pour formuler l'offre d'AC appropri\u00e9e (par exemple, \"vous avez regard\u00e9 la t\u00e9l\u00e9vision, voici nos promotions\").<br \/>\nVous connaissez le client de vue (qui il est, ce qu'il vit, ce dont il a besoin). Et c'est l'arme publicitaire la plus puissante avec laquelle la mer des requins des affaires vous atteindra jusqu'au genou.<\/p>","protected":false},"excerpt":{"rendered":"<p>Les sommes colossales consacr\u00e9es \u00e0 la publicit\u00e9 surprennent parfois m\u00eame les hommes d'affaires les plus exp\u00e9riment\u00e9s. Comment \u00e9conomiser le budget et obtenir plus de b\u00e9n\u00e9fices ? Pour ce faire, lancez la publicit\u00e9 contextuelle dans Yandex et Google. Ses principales fonctions et caract\u00e9ristiques : Amener le site en premi\u00e8re position de l'affichage Montrer les publicit\u00e9s uniquement \u00e0 un public int\u00e9ress\u00e9. Compl\u00e9ter [...]<\/p>","protected":false},"author":1,"featured_media":0,"parent":0,"menu_order":0,"comment_status":"closed","ping_status":"closed","template":"","meta":{"footnotes":""},"_links":{"self":[{"href":"https:\/\/bro-system.com\/fr\/wp-json\/wp\/v2\/pages\/44"}],"collection":[{"href":"https:\/\/bro-system.com\/fr\/wp-json\/wp\/v2\/pages"}],"about":[{"href":"https:\/\/bro-system.com\/fr\/wp-json\/wp\/v2\/types\/page"}],"author":[{"embeddable":true,"href":"https:\/\/bro-system.com\/fr\/wp-json\/wp\/v2\/users\/1"}],"replies":[{"embeddable":true,"href":"https:\/\/bro-system.com\/fr\/wp-json\/wp\/v2\/comments?post=44"}],"version-history":[{"count":8,"href":"https:\/\/bro-system.com\/fr\/wp-json\/wp\/v2\/pages\/44\/revisions"}],"predecessor-version":[{"id":171,"href":"https:\/\/bro-system.com\/fr\/wp-json\/wp\/v2\/pages\/44\/revisions\/171"}],"wp:attachment":[{"href":"https:\/\/bro-system.com\/fr\/wp-json\/wp\/v2\/media?parent=44"}],"curies":[{"name":"wp","href":"https:\/\/api.w.org\/{rel}","templated":true}]}}