{"id":50,"date":"2018-10-13T17:04:10","date_gmt":"2018-10-13T14:04:10","guid":{"rendered":"http:\/\/local.bro-system.com\/?page_id=50"},"modified":"2023-12-15T16:57:08","modified_gmt":"2023-12-15T14:57:08","slug":"writing","status":"publish","type":"page","link":"https:\/\/bro-system.com\/fr\/writing\/","title":{"rendered":"R\u00e9daction"},"content":{"rendered":"<p>Le pouvoir des mots est prouv\u00e9 par l'histoire - les mots ont commenc\u00e9 et termin\u00e9 la guerre, le destin des gens a \u00e9t\u00e9 d\u00e9cid\u00e9. Dans le monde des affaires, les mots sont un puissant outil de travail et, sur l'internet, un puissant levier. Si les informations figurant sur le site web de l'entreprise sont pr\u00e9sent\u00e9es de la mani\u00e8re la plus efficace et la plus comp\u00e9tente possible, il est temps de louer une cellule \u00e0 la banque, car les b\u00e9n\u00e9fices augmenteront sous nos yeux.<\/p>\n<p>COMMENT LE REMPLISSAGE DU CONTENU DU SITE INFLUE-T-IL SUR LE SUCC\u00c8S DE L'ENTREPRISE ?<br \/>\nLa t\u00e2che principale du texte sur le site n'est pas seulement d'informer le consommateur, mais de le convaincre que c'est l\u00e0 qu'il est le plus rentable d'effectuer un achat. Pour remplir le site d'un contenu vendeur, vous devez faire appel \u00e0 des sp\u00e9cialistes de la r\u00e9daction.<\/p>\n<p>Un bon copywriting, c'est.. :<\/p>\n<p>Structure claire.<br \/>\nLangue facile d'acc\u00e8s.<br \/>\nRespect de l'identit\u00e9 de l'entreprise, en tenant compte des id\u00e9es de l'entreprise.<br \/>\nLa pr\u00e9sence de cl\u00e9s pour les moteurs de recherche.<br \/>\nUnicit\u00e9.<br \/>\nEt le plus important - le r\u00e9sultat final - apr\u00e8s la lecture, le client potentiel devient actif.<br \/>\nR\u00c9DACTION D'ARTICLES POUR LE SITE - TYPES DE TRAVAUX<br \/>\nLe type de texte du site est d\u00e9termin\u00e9 en fonction de l'orientation du travail de l'entreprise, des objectifs fix\u00e9s, de l'id\u00e9e \u00e0 promouvoir.<\/p>\n<p>Texte de vente. Il s'agit de r\u00e9pondre \u00e0 toutes les questions possibles du lecteur, de le convaincre que vous \u00eates le plus cool. Et tout cela de mani\u00e8re compacte et facile \u00e0 lire.<br \/>\nTexte SEO. La t\u00e2che consiste \u00e0 cr\u00e9er un texte optimis\u00e9 pour les moteurs de recherche afin d'obtenir une croissance rapide dans les SERPs.<br \/>\nTexte d'information. Il s'agit de fournir des informations cl\u00e9s sur l'entreprise, sans cl\u00e9s et avec un appel \u00e0 l'action.<br \/>\nR\u00e9\u00e9crire un texte. Le client fournit les textes sources. La t\u00e2che consiste \u00e0 les rendre uniques et pertinents pour le concept du site.<br \/>\nLe contenu textuel du site. Il s'agit de pr\u00e9senter avantageusement l'entreprise au client en remplissant les pages \"\u00c0 propos de nous\", \"Services\", \"Accueil\", etc. Ce poste comprend la r\u00e9daction d'articles sur les fiches produits, les sections du menu.<br \/>\nTexte pour une page d'atterrissage. La t\u00e2che consiste \u00e0 fournir un texte accrocheur sous une forme abstraite et concise qui vous incite \u00e0 faire un achat. La diff\u00e9rence avec le texte habituel pour le site r\u00e9side dans la forme de pr\u00e9sentation et les volumes.<br \/>\nTexte pour mailing. Il s'agit de r\u00e9diger des articles int\u00e9ressants pour des bulletins d'information \u00e9lectroniques, qui seront certainement lus et conduiront \u00e0 la transition vers le site.<br \/>\nTexte sur les relations publiques. La t\u00e2che consiste \u00e0 cr\u00e9er une compr\u00e9hension mutuelle entre l'entreprise et le client, \u00e0 inciter \u00e0 l'achat, \u00e0 former l'image d'une marque \u00e0 succ\u00e8s.<br \/>\nMod\u00e8le de texte. Il s'agit de fournir des informations cl\u00e9s dans un article universel adapt\u00e9 \u00e0 diff\u00e9rents biens\/services. Le texte ne n\u00e9cessitera que le remplacement du titre \/ de la ville \/ du nom du produit, etc.<br \/>\nCONTENU UNIQUE POUR LE SITE \u00c0 PARTIR DU SYST\u00c8ME BRO<br \/>\nNotre \u00e9quipe sait comment convaincre en un mot et vendre votre produit \/ service \u00e0 l'aide d'un texte de haute qualit\u00e9.<\/p>\n<p>COMMANDER DU CONTENU POUR UN SITE WEB CHEZ NOUS - SIGNIFIE :<br \/>\nObtenez un texte \u00e9labor\u00e9 par un sp\u00e9cialiste du r\u00e9f\u00e9rencement, un sp\u00e9cialiste du marketing et un r\u00e9dacteur.<br \/>\nLe contenu du site doit \u00eatre unique et vous permettre d'atteindre le sommet du classement.<br \/>\nObtenez de nouveaux clients par le biais du site \u00e0 l'aide d'un contenu \"accrocheur\". Comme la r\u00e9daction des textes pour le site tient compte des demandes individuelles, le r\u00e9sultat sera le plus efficace possible pour vous.<br \/>\nCr\u00e9er une image respectable de l'entreprise, acqu\u00e9rir une bonne r\u00e9putation aupr\u00e8s des clients, des partenaires et des concurrents.<br \/>\nObtenez un produit de qualit\u00e9 100% qui r\u00e9pond aux normes possibles : unicit\u00e9 \u00e9lev\u00e9e, noyau s\u00e9mantique pr\u00e9cis, densit\u00e9 de mots-cl\u00e9s optimale, peu de spam et de naus\u00e9e.<br \/>\nCOMMANDER UN TEXTE DE COPYWRITING DANS LE SYST\u00c8ME BRO - COMMENT \u00c7A MARCHE<br \/>\n\u00c9tape 1. Analyse du march\u00e9, de l'entreprise, d\u00e9finition des objectifs et formation des CT.<br \/>\n2 \u00e9tapes. Pr\u00e9paration de la fondation - la compilation du noyau s\u00e9mantique, le travail des sp\u00e9cialistes du r\u00e9f\u00e9rencement et des sp\u00e9cialistes du marketing.<br \/>\n3 \u00e9tapes. Discussion de l'\u00e9tendue du travail, d\u00e9termination du co\u00fbt de la r\u00e9daction des articles, fixation de la date limite.<br \/>\n4\u00e8me \u00e9tape. R\u00e9diger des articles sur les CT, faire des ajustements pour les clients.<br \/>\n5 \u00e9tapes. Lors de la commande d'un service complet - placement de contenu sur une ressource ou soumission d'un travail fini.<br \/>\nUn texte de vente comp\u00e9tent est la cl\u00e9 du succ\u00e8s de l'entreprise et de la rentabilit\u00e9 du site, l'occasion de s'exprimer au mieux et d'attirer de nouveaux consommateurs.<\/p>\n<p>Commander des articles \u00e0 un professionnel est un pas d\u00e9cisif vers le d\u00e9veloppement des affaires.<\/p>","protected":false},"excerpt":{"rendered":"<p>Le pouvoir des mots est prouv\u00e9 par l'histoire - les mots ont commenc\u00e9 et termin\u00e9 la guerre, le destin des gens a \u00e9t\u00e9 d\u00e9cid\u00e9. Dans le monde des affaires, les mots sont un puissant outil de travail et, sur l'internet, un puissant levier. Si les informations sur le site web de l'entreprise sont pr\u00e9sent\u00e9es de mani\u00e8re aussi efficace et comp\u00e9tente que possible, [...]<\/p>","protected":false},"author":1,"featured_media":0,"parent":0,"menu_order":0,"comment_status":"closed","ping_status":"closed","template":"","meta":{"footnotes":""},"_links":{"self":[{"href":"https:\/\/bro-system.com\/fr\/wp-json\/wp\/v2\/pages\/50"}],"collection":[{"href":"https:\/\/bro-system.com\/fr\/wp-json\/wp\/v2\/pages"}],"about":[{"href":"https:\/\/bro-system.com\/fr\/wp-json\/wp\/v2\/types\/page"}],"author":[{"embeddable":true,"href":"https:\/\/bro-system.com\/fr\/wp-json\/wp\/v2\/users\/1"}],"replies":[{"embeddable":true,"href":"https:\/\/bro-system.com\/fr\/wp-json\/wp\/v2\/comments?post=50"}],"version-history":[{"count":6,"href":"https:\/\/bro-system.com\/fr\/wp-json\/wp\/v2\/pages\/50\/revisions"}],"predecessor-version":[{"id":173,"href":"https:\/\/bro-system.com\/fr\/wp-json\/wp\/v2\/pages\/50\/revisions\/173"}],"wp:attachment":[{"href":"https:\/\/bro-system.com\/fr\/wp-json\/wp\/v2\/media?parent=50"}],"curies":[{"name":"wp","href":"https:\/\/api.w.org\/{rel}","templated":true}]}}