{"id":55,"date":"2018-10-13T17:06:29","date_gmt":"2018-10-13T14:06:29","guid":{"rendered":"http:\/\/local.bro-system.com\/?page_id=55"},"modified":"2023-12-15T17:00:09","modified_gmt":"2023-12-15T15:00:09","slug":"design","status":"publish","type":"page","link":"https:\/\/bro-system.com\/fr\/design\/","title":{"rendered":"Conception"},"content":{"rendered":"<p>Ils sont accueillis par des v\u00eatements, la premi\u00e8re impression ne peut \u00eatre faite deux fois, et bien d'autres mots sont prononc\u00e9s sur l'importance, au premier abord, de montrer ses atouts, et non l'inverse. Dans le monde des affaires, ce principe joue un r\u00f4le cl\u00e9. Lors de sa premi\u00e8re visite sur le site, le consommateur n'a besoin que de quelques secondes pour se faire une opinion sur l'entreprise. En m\u00eame temps, la conception d'un site web implique plusieurs crit\u00e8res :<\/p>\n<p>La simplicit\u00e9 de l'interface et sa compr\u00e9hensibilit\u00e9 intuitive.<br \/>\nLa pr\u00e9sence d'une mise en page adaptative (pour tout type d'appareil).<br \/>\nPr\u00e9sentation visuelle des informations (facilit\u00e9 \u00e0 percevoir si les donn\u00e9es importantes sont mises en \u00e9vidence).<br \/>\nIdentit\u00e9 d'entreprise sous forme de carte de visite (palette de couleurs, polices de caract\u00e8res, forme de pr\u00e9sentation).<br \/>\nSi, d\u00e8s les premi\u00e8res secondes, le site fait bonne impression, sa conversion augmente sous nos yeux. Et il est difficile de contester cela. Chaque visiteur compare involontairement la conception et la convivialit\u00e9 de la page avec celles des concurrents qu'il vient d'\u00e9tudier. C'est la visualisation du concept de l'entreprise qui est en mesure de persuader le consommateur de passer de la cat\u00e9gorie du potentiel \u00e0 celle du r\u00e9el.<\/p>\n<p>COMMENT CONCEVOIR UN SITE WEB PARFAIT ?<br \/>\nLes objectifs de la conception d'un site web sont d'int\u00e9resser l'acheteur, de cr\u00e9er une marque reconnaissable et d'augmenter les profits.<\/p>\n<p>En fonction de l'orientation de l'activit\u00e9 et des t\u00e2ches, il existe plusieurs domaines de travail :<\/p>\n<p>Refonte. Si vous avez modifi\u00e9 l'\u00e9tendue des travaux ou si vous consid\u00e9rez simplement que le site existant est inint\u00e9ressant et d\u00e9pass\u00e9, la refonte est la solution au probl\u00e8me. Le nouveau design stylis\u00e9 attirera un public int\u00e9ress\u00e9, augmentera votre cr\u00e9dibilit\u00e9 aupr\u00e8s de clients d\u00e9j\u00e0 r\u00e9guliers et permettra \u00e0 votre site de devenir plus comp\u00e9titif.<br \/>\nMise en page adaptative. Aujourd'hui, 30-40% des internautes utilisent des gadgets pour surfer. Si le site n'est pas \"lisible\" \u00e0 partir d'un t\u00e9l\u00e9phone ou d'une tablette, vous risquez de perdre votre public principal. Une mise en page adaptative et pratique est la cl\u00e9 pour augmenter les conversions et les ventes.<br \/>\nPage d'atterrissage. Carte de visite d'une page contenant les donn\u00e9es de base de votre offre. Le client passe un minimum de temps \u00e0 se familiariser avec l'activit\u00e9, toutes les informations \u00e9tant \u00e0 sa port\u00e9e. Il s'agit d'un \u00e9largissement rapide de l'audience avec un minimum de gaspillage.<br \/>\nSite web d'entreprise. Site actuel d'une entreprise fournissant des services. Une conception appropri\u00e9e du site web est un puissant levier d'influence sur le client. Si les pages \"accrochent\" visuellement, le visiteur souhaite inconsciemment devenir client d'une entreprise aussi stable et prosp\u00e8re.<br \/>\nApplication. La conception d'une application est peut-\u00eatre une t\u00e2che encore plus importante que la conception d'une page web, puisque le gain d\u00e9pend directement de 100% ce que le consommateur voit en face de lui.<br \/>\nMagasin en ligne. \u00c0 l'\u00e8re moderne des achats en ligne et de l'\u00e9norme comp\u00e9titivit\u00e9, il est important d'attirer le consommateur vers sa propre ressource. La facilit\u00e9 d'utilisation d'un magasin en ligne est la cl\u00e9 de sa rentabilit\u00e9. Si votre site propose les prix les plus bas du march\u00e9, mais qu'il est difficile \u00e0 utiliser, le magasin perdra un client. En revanche, une conception bien pens\u00e9e permet d'augmenter les b\u00e9n\u00e9fices sous nos yeux.<br \/>\nD\u00c9VELOPPEMENT D'UNE CONCEPTION DE SITE DANS LE SYST\u00c8ME BRO<br \/>\nNotre studio de conception de sites web r\u00e9alise tous les travaux li\u00e9s \u00e0 la conception, \u00e0 la refonte, au prototypage, \u00e0 la cr\u00e9ation de logos et \u00e0 l'identit\u00e9 d'entreprise.<\/p>\n<p>Avantages de travailler avec nous :<\/p>\n<p>Services complets de profil \u00e9troit et large (conception de la mise en page, image de marque, conception de l'interface, identit\u00e9 d'entreprise).<br \/>\n\u00c9quipe (concepteurs diversifi\u00e9s avec des points de vue individuels).<br \/>\nClart\u00e9 de la formation des t\u00e2ches (analyse pr\u00e9liminaire, compilation des sp\u00e9cifications techniques, approbation du projet par le client, mise en \u0153uvre, r\u00e9visions, livraison).<br \/>\nManque d'envergure (nous prenons en charge de petites t\u00e2ches \u00e0 faible budget sans obliger le client \u00e0 acheter plus de services qu'il n'en a r\u00e9ellement besoin ; nous r\u00e9alisons un projet de grande envergure en partant de z\u00e9ro).<br \/>\nCompr\u00e9hension (nous combinons l'exp\u00e9rience, l'innovation, le talent et l'imagination, ce qui permet au client de recevoir un produit de premi\u00e8re qualit\u00e9).<br \/>\nCr\u00e9ation d'un design web, correction du style existant du site - quel que soit le stade de d\u00e9veloppement auquel vous nous contactez, le r\u00e9sultat d\u00e9passera vos attentes. Le syst\u00e8me Bro a toujours une longueur d'avance. Nos clients constatent une augmentation de leurs b\u00e9n\u00e9fices d\u00e8s les premiers jours de lancement. Notre travail est la garantie d'un taux de conversion \u00e9lev\u00e9 et d'une reconnaissance de la marque.<\/p>","protected":false},"excerpt":{"rendered":"<p>Ils sont accueillis par des v\u00eatements, la premi\u00e8re impression ne peut \u00eatre faite deux fois, et bien d'autres mots sont prononc\u00e9s sur l'importance, au premier abord, de montrer ses atouts, et non l'inverse. Dans le monde des affaires, ce principe joue un r\u00f4le cl\u00e9. Lorsque vous visitez un site pour la premi\u00e8re fois, le consommateur n'a besoin que d'une [...]<\/p>","protected":false},"author":1,"featured_media":0,"parent":0,"menu_order":0,"comment_status":"closed","ping_status":"closed","template":"","meta":{"footnotes":""},"_links":{"self":[{"href":"https:\/\/bro-system.com\/fr\/wp-json\/wp\/v2\/pages\/55"}],"collection":[{"href":"https:\/\/bro-system.com\/fr\/wp-json\/wp\/v2\/pages"}],"about":[{"href":"https:\/\/bro-system.com\/fr\/wp-json\/wp\/v2\/types\/page"}],"author":[{"embeddable":true,"href":"https:\/\/bro-system.com\/fr\/wp-json\/wp\/v2\/users\/1"}],"replies":[{"embeddable":true,"href":"https:\/\/bro-system.com\/fr\/wp-json\/wp\/v2\/comments?post=55"}],"version-history":[{"count":4,"href":"https:\/\/bro-system.com\/fr\/wp-json\/wp\/v2\/pages\/55\/revisions"}],"predecessor-version":[{"id":174,"href":"https:\/\/bro-system.com\/fr\/wp-json\/wp\/v2\/pages\/55\/revisions\/174"}],"wp:attachment":[{"href":"https:\/\/bro-system.com\/fr\/wp-json\/wp\/v2\/media?parent=55"}],"curies":[{"name":"wp","href":"https:\/\/api.w.org\/{rel}","templated":true}]}}