{"id":58,"date":"2018-10-13T17:08:45","date_gmt":"2018-10-13T14:08:45","guid":{"rendered":"http:\/\/local.bro-system.com\/?page_id=58"},"modified":"2023-12-15T17:05:53","modified_gmt":"2023-12-15T15:05:53","slug":"development","status":"publish","type":"page","link":"https:\/\/bro-system.com\/fr\/development\/","title":{"rendered":"D\u00e9velopper un site"},"content":{"rendered":"<p>L'image de l'entreprise comprend de nombreux \u00e9l\u00e9ments. Un site au contenu \u00e9l\u00e9gant est un \u00e9l\u00e9ment important qui influe sur l'identit\u00e9 de l'entreprise et sur son niveau de profit.<\/p>\n<p>La chose la plus importante lors du d\u00e9veloppement d'un site est de se concentrer sur un client sp\u00e9cifique et son activit\u00e9. Une d\u00e9finition pr\u00e9cise de l'objectif garantit une croissance \u00e9lev\u00e9e des ventes et des b\u00e9n\u00e9fices.<\/p>\n<p>Les principales \u00e9tapes de la cr\u00e9ation d'un site web d'entreprise :<\/p>\n<p>Prototypage (cr\u00e9ation d'une mise en page, de sch\u00e9mas de pr\u00e9sentation des id\u00e9es, division du noyau d'informations en blocs).<br \/>\nD\u00e9veloppement fonctionnel (cr\u00e9ation d'une interface pratique pour une facilit\u00e9 d'utilisation maximale).<br \/>\nRemplissage avec un contenu unique (r\u00e9daction de textes de vente, cr\u00e9ation d'images de marque - le tout dans un style d'entreprise et dans un concept unique).<br \/>\nTests avant le lancement (\u00e9tude des pages cr\u00e9\u00e9es, analyses, ajustements pour une conversion maximale du site).<br \/>\nLancement du site web (v\u00e9rification du fonctionnement, mise en place sur Internet).<br \/>\nD\u00c9VELOPPEMENT DU SITE - CE \u00c0 QUOI IL FAUT PR\u00caTER ATTENTION<br \/>\nLors de la mise en \u0153uvre de chaque \u00e9tape, il est important de tenir compte d'un certain nombre de points de r\u00e9f\u00e9rence :<\/p>\n<p>La t\u00e2che principale et le message du site. Les sp\u00e9cialistes d\u00e9terminent le public cible, les sp\u00e9cificit\u00e9s d'un cr\u00e9neau particulier. Cela vous permet de cr\u00e9er au d\u00e9part des crit\u00e8res clairs sur lesquels vous devez vous appuyer.<br \/>\nLe design comme correspondance \u00e0 l'id\u00e9e principale. En d\u00e9finissant le style de l'entreprise, il est important de cr\u00e9er un design de page tel qu'en un coup d'\u0153il rapide, le consommateur puisse ressentir le concept de l'entreprise et s'int\u00e9resser au service.<br \/>\nMise en \u0153uvre professionnelle. Contenu, interface, textes - chaque \u00e9l\u00e9ment porte une charge s\u00e9mantique et influe sur la d\u00e9cision d'acheter ou de commander un service.<br \/>\nL'unicit\u00e9 est un crit\u00e8re important pour la promotion publicitaire. Pour que les moteurs de recherche affichent un site pour un consommateur potentiel, il est important de fournir un contenu clair, unique et 100% coh\u00e9rent avec les param\u00e8tres donn\u00e9s.<br \/>\nLe budget. En fonction du volume et de la complexit\u00e9 du travail, un budget est fix\u00e9 pour la cr\u00e9ation et le lancement du site. Un bon travail ne peut pas \u00eatre bon march\u00e9.<br \/>\nSeule une couverture compl\u00e8te de tous les composants vous permettra d'obtenir un tr\u00e8s beau site de vente.<\/p>\n<p>LE D\u00c9VELOPPEMENT, LE LANCEMENT DU SITE ET L'ASSISTANCE TECHNIQUE DE BRO SYSTEM<br \/>\nLa gamme de services de notre soci\u00e9t\u00e9 comprend<\/p>\n<p>Cr\u00e9ation d'un site web de carte de visite. Pour la pr\u00e9sentation de votre id\u00e9e, la familiarisation avec la proposition, un petit site de 7 pages maximum est la meilleure option.<br \/>\nD\u00e9veloppement de sites web d'entreprise. Un site web d'entreprise complet dans un style unifi\u00e9 transmet le concept d'une entreprise, forme une image et renforce la respectabilit\u00e9 de la marque.<br \/>\nLancement d'une boutique en ligne. Toutes les fonctions - vente, achat, commande, paiement - sur une seule plateforme. Conversion maximale, augmentation des ventes.<br \/>\nCr\u00e9ation d'une page d'atterrissage. Site web \u00e0 page unique - pr\u00e9sentation organique des informations de base, pratique pour le client et avantageuse pour vous.<br \/>\nD\u00e9veloppement d'un site de catalogue. La fonctionnalit\u00e9 du format du catalogue est similaire \u00e0 celle d'une boutique en ligne, mais il y a une diff\u00e9rence importante : ici, le consommateur peut seulement prendre connaissance de l'offre, et effectuer un achat en ligne - non.<br \/>\nLancer des portails d'information. Remplir les ressources avec une grande quantit\u00e9 de donn\u00e9es, cr\u00e9er des portails d'entreprise \u00e0 grande \u00e9chelle pour une utilisation \u00e0 l'int\u00e9rieur ou \u00e0 l'ext\u00e9rieur.<br \/>\nCr\u00e9ation d'applications mobiles. L'application mobile personnelle de la marque est un indicateur de statut \u00e9lev\u00e9, un moyen d'\u00e9largir l'audience et d'augmenter le niveau de profit.<br \/>\nMise en page adaptative. Un site lisible sur n'importe quel appareil est la garantie d'une augmentation des ventes et d'un large \u00e9ventail de clients, ainsi que de la possibilit\u00e9 de percevoir des revenus 24 heures sur 24 et 7 jours sur 7.<br \/>\nDans nos activit\u00e9s, nous sommes guid\u00e9s par les derni\u00e8res innovations dans le monde du d\u00e9veloppement web, nous travaillons avec la plupart des CMS populaires.<\/p>\n<p>Notre \u00e9quipe n'est pas seulement compos\u00e9e d'excellents professionnels, ce sont aussi des hommes et des femmes ambitieux, d\u00e9sireux de progresser dans leur domaine, d'introduire de nouveaux produits et de produire les meilleurs produits sur les march\u00e9s ukrainien et mondial.<\/p>","protected":false},"excerpt":{"rendered":"<p>L'image de l'entreprise comprend de nombreux \u00e9l\u00e9ments. Un site au contenu \u00e9l\u00e9gant est un \u00e9l\u00e9ment important qui influe sur l'identit\u00e9 de l'entreprise et sur son niveau de profit. La chose la plus importante lors du d\u00e9veloppement d'un site est de se concentrer sur un client sp\u00e9cifique et son activit\u00e9. Une d\u00e9finition pr\u00e9cise de l'objectif garantit une croissance \u00e9lev\u00e9e des ventes et des b\u00e9n\u00e9fices. [...]<\/p>","protected":false},"author":1,"featured_media":0,"parent":0,"menu_order":0,"comment_status":"closed","ping_status":"closed","template":"","meta":{"footnotes":""},"_links":{"self":[{"href":"https:\/\/bro-system.com\/fr\/wp-json\/wp\/v2\/pages\/58"}],"collection":[{"href":"https:\/\/bro-system.com\/fr\/wp-json\/wp\/v2\/pages"}],"about":[{"href":"https:\/\/bro-system.com\/fr\/wp-json\/wp\/v2\/types\/page"}],"author":[{"embeddable":true,"href":"https:\/\/bro-system.com\/fr\/wp-json\/wp\/v2\/users\/1"}],"replies":[{"embeddable":true,"href":"https:\/\/bro-system.com\/fr\/wp-json\/wp\/v2\/comments?post=58"}],"version-history":[{"count":4,"href":"https:\/\/bro-system.com\/fr\/wp-json\/wp\/v2\/pages\/58\/revisions"}],"predecessor-version":[{"id":175,"href":"https:\/\/bro-system.com\/fr\/wp-json\/wp\/v2\/pages\/58\/revisions\/175"}],"wp:attachment":[{"href":"https:\/\/bro-system.com\/fr\/wp-json\/wp\/v2\/media?parent=58"}],"curies":[{"name":"wp","href":"https:\/\/api.w.org\/{rel}","templated":true}]}}